{"id":521,"date":"2026-02-16T13:53:16","date_gmt":"2026-02-16T13:53:16","guid":{"rendered":"https:\/\/www.m-art-a.ch\/?page_id=521"},"modified":"2026-02-16T16:05:59","modified_gmt":"2026-02-16T16:05:59","slug":"divers-2","status":"publish","type":"page","link":"https:\/\/www.m-art-a.ch\/?page_id=521","title":{"rendered":"Divers"},"content":{"rendered":"\n<div class=\"section-wrapper\" data-id=\"PrtalW\"><section class=\"wp-block-gutenverse-section guten-element guten-section guten-PrtalW layout-boxed align-stretch\"><div class=\"guten-container guten-column-gap-default\">\n<div class=\"wp-block-gutenverse-column guten-element guten-column guten-dkY5Ch\"><div class=\"guten-column-wrapper\" data-id=\"dkY5Ch\">\n<figure class=\"wp-block-image size-full\"><img decoding=\"async\" width=\"850\" height=\"566\" src=\"https:\/\/www.m-art-a.ch\/wp-content\/uploads\/2026\/02\/beeliever-nb.jpg\" alt=\"\" class=\"wp-image-553\" srcset=\"https:\/\/www.m-art-a.ch\/wp-content\/uploads\/2026\/02\/beeliever-nb.jpg 850w, https:\/\/www.m-art-a.ch\/wp-content\/uploads\/2026\/02\/beeliever-nb-300x200.jpg 300w, https:\/\/www.m-art-a.ch\/wp-content\/uploads\/2026\/02\/beeliever-nb-768x511.jpg 768w\" sizes=\"(max-width: 850px) 100vw, 850px\" \/><\/figure>\n<\/div><\/div>\n\n\n\n<div class=\"wp-block-gutenverse-column guten-element guten-column guten-glZJCL\"><div class=\"guten-column-wrapper\" data-id=\"glZJCL\">\n<h3 class=\"wp-block-gutenverse-heading guten-element guten-Lvb1Ru\">Collections NFT<\/h3>\n\n\n\n<p aria-label=\"Text Paragraph\" class=\"guten-element gutenverse-text guten-zV71mf\"><a href=\"https:\/\/www.m-art-a.ch\/?p=324\">Plongez dans l\u2019histoire des Beelievers&#8230;<\/a><\/p>\n<\/div><\/div>\n<\/div><\/section><\/div>\n\n\n\n<div class=\"section-wrapper\" data-id=\"qkdyRN\"><section class=\"wp-block-gutenverse-section guten-element guten-section guten-qkdyRN layout-boxed align-stretch\"><div class=\"guten-container guten-column-gap-default\">\n<div class=\"wp-block-gutenverse-column guten-element guten-column guten-O4RxWH\"><div class=\"guten-column-wrapper\" data-id=\"O4RxWH\">\n<figure class=\"wp-block-image size-full\"><img decoding=\"async\" width=\"945\" height=\"625\" src=\"https:\/\/www.m-art-a.ch\/wp-content\/uploads\/2026\/02\/monstre.jpg\" alt=\"\" class=\"wp-image-554\" srcset=\"https:\/\/www.m-art-a.ch\/wp-content\/uploads\/2026\/02\/monstre.jpg 945w, https:\/\/www.m-art-a.ch\/wp-content\/uploads\/2026\/02\/monstre-300x198.jpg 300w, https:\/\/www.m-art-a.ch\/wp-content\/uploads\/2026\/02\/monstre-768x508.jpg 768w\" sizes=\"(max-width: 945px) 100vw, 945px\" \/><\/figure>\n<\/div><\/div>\n\n\n\n<div class=\"wp-block-gutenverse-column guten-element guten-column guten-zxWRBo\"><div class=\"guten-column-wrapper\" data-id=\"zxWRBo\">\n<h3 class=\"wp-block-gutenverse-heading guten-element guten-DhvDIa\">Peinture murale<\/h3>\n\n\n\n<p aria-label=\"Text Paragraph\" class=\"guten-element gutenverse-text guten-O6oswr\"><a href=\"https:\/\/www.m-art-a.ch\/?p=232\">Petits et grands formats<\/a><\/p>\n<\/div><\/div>\n<\/div><\/section><\/div>\n\n\n\n<div class=\"section-wrapper\" data-id=\"PFNIqm\"><section class=\"wp-block-gutenverse-section guten-element guten-section guten-PFNIqm layout-boxed align-stretch\"><div class=\"guten-container guten-column-gap-default\">\n<div class=\"wp-block-gutenverse-column guten-element guten-column guten-Mf25bT\"><div class=\"guten-column-wrapper\" data-id=\"Mf25bT\">\n<figure class=\"wp-block-image size-full\"><img decoding=\"async\" width=\"2560\" height=\"1582\" src=\"https:\/\/www.m-art-a.ch\/wp-content\/uploads\/2026\/02\/Miroirs-Cartigny-scaled.jpg\" alt=\"\" class=\"wp-image-555\" srcset=\"https:\/\/www.m-art-a.ch\/wp-content\/uploads\/2026\/02\/Miroirs-Cartigny-scaled.jpg 2560w, https:\/\/www.m-art-a.ch\/wp-content\/uploads\/2026\/02\/Miroirs-Cartigny-300x185.jpg 300w, https:\/\/www.m-art-a.ch\/wp-content\/uploads\/2026\/02\/Miroirs-Cartigny-1024x633.jpg 1024w, https:\/\/www.m-art-a.ch\/wp-content\/uploads\/2026\/02\/Miroirs-Cartigny-768x474.jpg 768w, https:\/\/www.m-art-a.ch\/wp-content\/uploads\/2026\/02\/Miroirs-Cartigny-1536x949.jpg 1536w, https:\/\/www.m-art-a.ch\/wp-content\/uploads\/2026\/02\/Miroirs-Cartigny-2048x1265.jpg 2048w\" sizes=\"(max-width: 2560px) 100vw, 2560px\" \/><\/figure>\n<\/div><\/div>\n\n\n\n<div class=\"wp-block-gutenverse-column guten-element guten-column guten-biHUEn\"><div class=\"guten-column-wrapper\" data-id=\"biHUEn\">\n<h3 class=\"wp-block-gutenverse-heading guten-element guten-2SaJ1v\">Sc\u00e9nographies<\/h3>\n\n\n\n<p aria-label=\"Text Paragraph\" class=\"guten-element gutenverse-text guten-dKaMzA\">Concepts \u00e9labor\u00e9s en collaboration avec diff\u00e9rents m\u00e9tiers d&#8217;art<\/p>\n<\/div><\/div>\n<\/div><\/section><\/div>\n\n\n\n<div class=\"section-wrapper\" data-id=\"A3GbmS\"><section class=\"wp-block-gutenverse-section guten-element guten-section guten-A3GbmS layout-boxed align-stretch\"><div class=\"guten-container guten-column-gap-default\">\n<div class=\"wp-block-gutenverse-column guten-element guten-column guten-5PD41p\"><div class=\"guten-column-wrapper\" data-id=\"5PD41p\">\n<figure class=\"wp-block-image size-full\"><img decoding=\"async\" width=\"1482\" height=\"1199\" src=\"https:\/\/www.m-art-a.ch\/wp-content\/uploads\/2026\/02\/face-painting2.jpg\" alt=\"\" class=\"wp-image-557\" srcset=\"https:\/\/www.m-art-a.ch\/wp-content\/uploads\/2026\/02\/face-painting2.jpg 1482w, https:\/\/www.m-art-a.ch\/wp-content\/uploads\/2026\/02\/face-painting2-300x243.jpg 300w, https:\/\/www.m-art-a.ch\/wp-content\/uploads\/2026\/02\/face-painting2-1024x828.jpg 1024w, https:\/\/www.m-art-a.ch\/wp-content\/uploads\/2026\/02\/face-painting2-768x621.jpg 768w\" sizes=\"(max-width: 1482px) 100vw, 1482px\" \/><\/figure>\n<\/div><\/div>\n\n\n\n<div class=\"wp-block-gutenverse-column guten-element guten-column guten-ZQqIuN\"><div class=\"guten-column-wrapper\" data-id=\"ZQqIuN\">\n<h3 class=\"wp-block-gutenverse-heading guten-element guten-EDOQ7D\">Maquillage artistique<\/h3>\n\n\n\n<p aria-label=\"Text Paragraph\" class=\"guten-element gutenverse-text guten-iJtwF2\">Pour pimper les f\u00eates d\u2019anniversaire, le carnaval et tous les \u00e9v\u00e9nements des petits et des grands<\/p>\n<\/div><\/div>\n<\/div><\/section><\/div>\n\n\n\n<div class=\"section-wrapper\" data-id=\"gZfbVH\"><section class=\"wp-block-gutenverse-section guten-element guten-section guten-gZfbVH layout-boxed align-stretch\"><div class=\"guten-container guten-column-gap-default\">\n<div class=\"wp-block-gutenverse-column guten-element guten-column guten-lIFwRt\"><div class=\"guten-column-wrapper\" data-id=\"lIFwRt\">\n<figure class=\"wp-block-image size-full\"><img decoding=\"async\" width=\"2560\" height=\"1921\" src=\"https:\/\/www.m-art-a.ch\/wp-content\/uploads\/2026\/02\/flyers-nb-scaled.jpg\" alt=\"\" class=\"wp-image-556\" srcset=\"https:\/\/www.m-art-a.ch\/wp-content\/uploads\/2026\/02\/flyers-nb-scaled.jpg 2560w, https:\/\/www.m-art-a.ch\/wp-content\/uploads\/2026\/02\/flyers-nb-300x225.jpg 300w, https:\/\/www.m-art-a.ch\/wp-content\/uploads\/2026\/02\/flyers-nb-1024x769.jpg 1024w, https:\/\/www.m-art-a.ch\/wp-content\/uploads\/2026\/02\/flyers-nb-768x576.jpg 768w, https:\/\/www.m-art-a.ch\/wp-content\/uploads\/2026\/02\/flyers-nb-1536x1153.jpg 1536w, https:\/\/www.m-art-a.ch\/wp-content\/uploads\/2026\/02\/flyers-nb-2048x1537.jpg 2048w\" sizes=\"(max-width: 2560px) 100vw, 2560px\" \/><\/figure>\n<\/div><\/div>\n\n\n\n<div class=\"wp-block-gutenverse-column guten-element guten-column guten-XP0npA\"><div class=\"guten-column-wrapper\" data-id=\"XP0npA\">\n<h3 class=\"wp-block-gutenverse-heading guten-element guten-Di2bwk\">&#8230;et bien plus encore!<\/h3>\n\n\n\n<p aria-label=\"Text Paragraph\" class=\"guten-element gutenverse-text guten-gWwPfL\">Pr\u00eate pour de nouveaux d\u00e9fis!<\/p>\n<\/div><\/div>\n<\/div><\/section><\/div>\n","protected":false},"excerpt":{"rendered":"","protected":false},"author":1,"featured_media":551,"parent":0,"menu_order":0,"comment_status":"closed","ping_status":"closed","template":"","meta":{"footnotes":""},"class_list":["post-521","page","type-page","status-publish","has-post-thumbnail","hentry"],"_links":{"self":[{"href":"https:\/\/www.m-art-a.ch\/index.php?rest_route=\/wp\/v2\/pages\/521","targetHints":{"allow":["GET"]}}],"collection":[{"href":"https:\/\/www.m-art-a.ch\/index.php?rest_route=\/wp\/v2\/pages"}],"about":[{"href":"https:\/\/www.m-art-a.ch\/index.php?rest_route=\/wp\/v2\/types\/page"}],"author":[{"embeddable":true,"href":"https:\/\/www.m-art-a.ch\/index.php?rest_route=\/wp\/v2\/users\/1"}],"replies":[{"embeddable":true,"href":"https:\/\/www.m-art-a.ch\/index.php?rest_route=%2Fwp%2Fv2%2Fcomments&post=521"}],"version-history":[{"count":4,"href":"https:\/\/www.m-art-a.ch\/index.php?rest_route=\/wp\/v2\/pages\/521\/revisions"}],"predecessor-version":[{"id":559,"href":"https:\/\/www.m-art-a.ch\/index.php?rest_route=\/wp\/v2\/pages\/521\/revisions\/559"}],"wp:featuredmedia":[{"embeddable":true,"href":"https:\/\/www.m-art-a.ch\/index.php?rest_route=\/wp\/v2\/media\/551"}],"wp:attachment":[{"href":"https:\/\/www.m-art-a.ch\/index.php?rest_route=%2Fwp%2Fv2%2Fmedia&parent=521"}],"curies":[{"name":"wp","href":"https:\/\/api.w.org\/{rel}","templated":true}]}}