{"id":518,"date":"2026-02-16T13:52:32","date_gmt":"2026-02-16T13:52:32","guid":{"rendered":"https:\/\/www.m-art-a.ch\/?page_id=518"},"modified":"2026-02-16T14:45:59","modified_gmt":"2026-02-16T14:45:59","slug":"peinture-2","status":"publish","type":"page","link":"https:\/\/www.m-art-a.ch\/?page_id=518","title":{"rendered":"Peinture"},"content":{"rendered":"\n<div class=\"wp-block-columns is-layout-flex wp-container-core-columns-is-layout-28f84493 wp-block-columns-is-layout-flex\">\n<div class=\"wp-block-column is-layout-flow wp-block-column-is-layout-flow\" style=\"flex-basis:100%\">\n<div class=\"section-wrapper\" data-id=\"hyGjd5\"><section class=\"wp-block-gutenverse-section guten-element guten-section guten-hyGjd5 layout-boxed align-stretch\"><div class=\"guten-container guten-column-gap-default\">\n<div class=\"wp-block-gutenverse-column guten-element guten-column guten-SpphCb\"><div class=\"guten-column-wrapper\" data-id=\"SpphCb\">\n<h3 class=\"wp-block-gutenverse-heading guten-element guten-CvD4Ss\">Vente<\/h3>\n\n\n\n<p aria-label=\"Text Paragraph\" class=\"guten-element gutenverse-text guten-JuVBL5\">D\u00e9couvrez mes \u0153uvres disponibles \u00e0 la vente, issues de collections existantes ou r\u00e9alis\u00e9es sur commande selon vos envies et votre univers. Chaque tableau est une pi\u00e8ce unique, pens\u00e9e pour s\u2019int\u00e9grer harmonieusement \u00e0 votre espace, avec une attention particuli\u00e8re port\u00e9e \u00e0 vos attentes et \u00e0 votre sensibilit\u00e9 artistique.<\/p>\n\n\n\n<p aria-label=\"Text Paragraph\" class=\"guten-element gutenverse-text guten-Dr8Hb2\"><\/p>\n<\/div><\/div>\n\n\n\n<div class=\"wp-block-gutenverse-column guten-element guten-column guten-qlxGWK\"><div class=\"guten-column-wrapper\" data-id=\"qlxGWK\">\n<h3 class=\"wp-block-gutenverse-heading guten-element guten-6DX6FP\">Location<\/h3>\n\n\n\n<p aria-label=\"Text Paragraph\" class=\"guten-element gutenverse-text guten-13OySY\">Embellissez vos lieux professionnels ou espaces publics en louant des tableaux pour une dur\u00e9e adapt\u00e9e \u00e0 vos besoins. Id\u00e9al pour les cabinets m\u00e9dicaux, bureaux, tea-rooms ou tout autre \u00e9tablissement souhaitant offrir une ambiance raffin\u00e9e et inspirante \u00e0 ses visiteurs.<\/p>\n\n\n\n<p aria-label=\"Text Paragraph\" class=\"guten-element gutenverse-text guten-h7SzS3\"><\/p>\n<\/div><\/div>\n\n\n\n<div class=\"wp-block-gutenverse-column guten-element guten-column guten-NVH163\"><div class=\"guten-column-wrapper\" data-id=\"NVH163\">\n<h3 class=\"wp-block-gutenverse-heading guten-element guten-hOjemO\">Evenemets<\/h3>\n\n\n\n<p aria-label=\"Text Paragraph\" class=\"guten-element gutenverse-text guten-W9fV29\">Je propose l\u2019organisation d\u2019expositions collectives ou individuelles, pour mettre en lumi\u00e8re des \u0153uvres et cr\u00e9er des rencontres autour de l\u2019art. Un moment privil\u00e9gi\u00e9 pour d\u00e9couvrir des univers artistiques vari\u00e9s et partager une exp\u00e9rience culturelle unique.<\/p>\n\n\n\n<p aria-label=\"Text Paragraph\" class=\"guten-element gutenverse-text guten-XIwZzZ\"><\/p>\n<\/div><\/div>\n<\/div><\/section><\/div>\n<\/div>\n<\/div>\n\n\n\n<p><\/p>\n","protected":false},"excerpt":{"rendered":"","protected":false},"author":1,"featured_media":545,"parent":0,"menu_order":0,"comment_status":"closed","ping_status":"closed","template":"","meta":{"footnotes":""},"class_list":["post-518","page","type-page","status-publish","has-post-thumbnail","hentry"],"_links":{"self":[{"href":"https:\/\/www.m-art-a.ch\/index.php?rest_route=\/wp\/v2\/pages\/518","targetHints":{"allow":["GET"]}}],"collection":[{"href":"https:\/\/www.m-art-a.ch\/index.php?rest_route=\/wp\/v2\/pages"}],"about":[{"href":"https:\/\/www.m-art-a.ch\/index.php?rest_route=\/wp\/v2\/types\/page"}],"author":[{"embeddable":true,"href":"https:\/\/www.m-art-a.ch\/index.php?rest_route=\/wp\/v2\/users\/1"}],"replies":[{"embeddable":true,"href":"https:\/\/www.m-art-a.ch\/index.php?rest_route=%2Fwp%2Fv2%2Fcomments&post=518"}],"version-history":[{"count":4,"href":"https:\/\/www.m-art-a.ch\/index.php?rest_route=\/wp\/v2\/pages\/518\/revisions"}],"predecessor-version":[{"id":541,"href":"https:\/\/www.m-art-a.ch\/index.php?rest_route=\/wp\/v2\/pages\/518\/revisions\/541"}],"wp:featuredmedia":[{"embeddable":true,"href":"https:\/\/www.m-art-a.ch\/index.php?rest_route=\/wp\/v2\/media\/545"}],"wp:attachment":[{"href":"https:\/\/www.m-art-a.ch\/index.php?rest_route=%2Fwp%2Fv2%2Fmedia&parent=518"}],"curies":[{"name":"wp","href":"https:\/\/api.w.org\/{rel}","templated":true}]}}