{"id":485,"date":"2026-02-15T18:13:03","date_gmt":"2026-02-15T18:13:03","guid":{"rendered":"https:\/\/www.m-art-a.ch\/?page_id=485"},"modified":"2026-02-16T14:46:56","modified_gmt":"2026-02-16T14:46:56","slug":"graphisme-2","status":"publish","type":"page","link":"https:\/\/www.m-art-a.ch\/?page_id=485","title":{"rendered":"Graphisme"},"content":{"rendered":"\n<div class=\"section-wrapper\" data-id=\"hyGjd5\"><section class=\"wp-block-gutenverse-section guten-element guten-section guten-hyGjd5 layout-boxed align-stretch\"><div class=\"guten-container guten-column-gap-default\">\n<div class=\"wp-block-gutenverse-column guten-element guten-column guten-SpphCb\"><div class=\"guten-column-wrapper\" data-id=\"SpphCb\">\n<h3 class=\"wp-block-gutenverse-heading guten-element guten-CvD4Ss\">Branding<\/h3>\n\n\n\n<p aria-label=\"Text Paragraph\" class=\"guten-element gutenverse-text guten-JuVBL5\">Apr\u00e8s notre \u00e9change en pr\u00e9sentiel, je con\u00e7ois pour vous une identit\u00e9 visuelle sur mesure. Que ce soit un logo, une charte graphique compl\u00e8te, des cartes de visite ou tout autre support de communication, je m\u2019adapte \u00e0 vos besoins et \u00e0 votre univers pour cr\u00e9er des visuels uniques, coh\u00e9rents et impactants.<\/p>\n\n\n\n<p aria-label=\"Text Paragraph\" class=\"guten-element gutenverse-text guten-Dr8Hb2\"><\/p>\n<\/div><\/div>\n\n\n\n<div class=\"wp-block-gutenverse-column guten-element guten-column guten-qlxGWK\"><div class=\"guten-column-wrapper\" data-id=\"qlxGWK\">\n<h3 class=\"wp-block-gutenverse-heading guten-element guten-6DX6FP\">Publicit\u00e9<\/h3>\n\n\n\n<p aria-label=\"Text Paragraph\" class=\"guten-element gutenverse-text guten-13OySY\">Supports publicitaires con\u00e7us pour chaque contexte et chaque cible. Affiche, brochure, carnet de f\u00eate, dossier de sponsoring ou publication pour les r\u00e9seaux sociaux : chaque support est pens\u00e9 pour capter l\u2019attention, transmettre votre message et renforcer votre image, tout en respectant votre identit\u00e9 visuelle.<\/p>\n\n\n\n<p aria-label=\"Text Paragraph\" class=\"guten-element gutenverse-text guten-h7SzS3\"><\/p>\n<\/div><\/div>\n<\/div><\/section><\/div>\n\n\n\n<p><\/p>\n","protected":false},"excerpt":{"rendered":"","protected":false},"author":1,"featured_media":512,"parent":0,"menu_order":0,"comment_status":"closed","ping_status":"closed","template":"","meta":{"footnotes":""},"class_list":["post-485","page","type-page","status-publish","has-post-thumbnail","hentry"],"_links":{"self":[{"href":"https:\/\/www.m-art-a.ch\/index.php?rest_route=\/wp\/v2\/pages\/485","targetHints":{"allow":["GET"]}}],"collection":[{"href":"https:\/\/www.m-art-a.ch\/index.php?rest_route=\/wp\/v2\/pages"}],"about":[{"href":"https:\/\/www.m-art-a.ch\/index.php?rest_route=\/wp\/v2\/types\/page"}],"author":[{"embeddable":true,"href":"https:\/\/www.m-art-a.ch\/index.php?rest_route=\/wp\/v2\/users\/1"}],"replies":[{"embeddable":true,"href":"https:\/\/www.m-art-a.ch\/index.php?rest_route=%2Fwp%2Fv2%2Fcomments&post=485"}],"version-history":[{"count":7,"href":"https:\/\/www.m-art-a.ch\/index.php?rest_route=\/wp\/v2\/pages\/485\/revisions"}],"predecessor-version":[{"id":546,"href":"https:\/\/www.m-art-a.ch\/index.php?rest_route=\/wp\/v2\/pages\/485\/revisions\/546"}],"wp:featuredmedia":[{"embeddable":true,"href":"https:\/\/www.m-art-a.ch\/index.php?rest_route=\/wp\/v2\/media\/512"}],"wp:attachment":[{"href":"https:\/\/www.m-art-a.ch\/index.php?rest_route=%2Fwp%2Fv2%2Fmedia&parent=485"}],"curies":[{"name":"wp","href":"https:\/\/api.w.org\/{rel}","templated":true}]}}